{"id":1186,"date":"2021-09-30T19:55:40","date_gmt":"2021-09-30T17:55:40","guid":{"rendered":"http:\/\/www.ecolesaintyvesnantes.fr\/site\/?page_id=1186"},"modified":"2022-05-20T10:07:15","modified_gmt":"2022-05-20T08:07:15","slug":"presentation","status":"publish","type":"page","link":"https:\/\/www.ecolesaintyvesnantes.fr\/site\/presentation\/","title":{"rendered":"Presentation Biblioth\u00e8que"},"content":{"rendered":"<p>Pr\u00e9sentation Biblioth\u00e8que<\/p>\n","protected":false},"excerpt":{"rendered":"<p>Pr\u00e9sentation Biblioth\u00e8que<\/p>\n","protected":false},"author":3,"featured_media":0,"parent":0,"menu_order":0,"comment_status":"closed","ping_status":"closed","template":"","meta":{"ngg_post_thumbnail":0,"footnotes":""},"class_list":["post-1186","page","type-page","status-publish","hentry"],"_links":{"self":[{"href":"https:\/\/www.ecolesaintyvesnantes.fr\/site\/wp-json\/wp\/v2\/pages\/1186","targetHints":{"allow":["GET"]}}],"collection":[{"href":"https:\/\/www.ecolesaintyvesnantes.fr\/site\/wp-json\/wp\/v2\/pages"}],"about":[{"href":"https:\/\/www.ecolesaintyvesnantes.fr\/site\/wp-json\/wp\/v2\/types\/page"}],"author":[{"embeddable":true,"href":"https:\/\/www.ecolesaintyvesnantes.fr\/site\/wp-json\/wp\/v2\/users\/3"}],"replies":[{"embeddable":true,"href":"https:\/\/www.ecolesaintyvesnantes.fr\/site\/wp-json\/wp\/v2\/comments?post=1186"}],"version-history":[{"count":3,"href":"https:\/\/www.ecolesaintyvesnantes.fr\/site\/wp-json\/wp\/v2\/pages\/1186\/revisions"}],"predecessor-version":[{"id":1854,"href":"https:\/\/www.ecolesaintyvesnantes.fr\/site\/wp-json\/wp\/v2\/pages\/1186\/revisions\/1854"}],"wp:attachment":[{"href":"https:\/\/www.ecolesaintyvesnantes.fr\/site\/wp-json\/wp\/v2\/media?parent=1186"}],"curies":[{"name":"wp","href":"https:\/\/api.w.org\/{rel}","templated":true}]}}