{"id":149,"date":"2019-11-23T15:50:43","date_gmt":"2019-11-23T14:50:43","guid":{"rendered":"http:\/\/www.ecolesaintyvesnantes.fr\/site\/?page_id=149"},"modified":"2020-01-29T00:54:26","modified_gmt":"2020-01-28T23:54:26","slug":"signaler-une-absence","status":"publish","type":"page","link":"https:\/\/www.ecolesaintyvesnantes.fr\/site\/signaler-une-absence\/","title":{"rendered":"Signaler une absence"},"content":{"rendered":"<p>Vous pouvez utiliser ce formulaire pour nous signaler toute absence de votre enfant, en pr\u00e9cisant le motif.<\/p>\n<p>Tous les champs marqu\u00e9s d&rsquo;une ast\u00e9risque * sont obligatoires.<\/p>\n\n<div class=\"wpcf7 no-js\" id=\"wpcf7-f148-o1\" lang=\"fr-FR\" dir=\"ltr\" data-wpcf7-id=\"148\">\n<div class=\"screen-reader-response\"><p role=\"status\" aria-live=\"polite\" aria-atomic=\"true\"><\/p> <ul><\/ul><\/div>\n<form action=\"\/site\/wp-json\/wp\/v2\/pages\/149#wpcf7-f148-o1\" method=\"post\" class=\"wpcf7-form init\" aria-label=\"Formulaire de contact\" novalidate=\"novalidate\" data-status=\"init\">\n<fieldset class=\"hidden-fields-container\"><input type=\"hidden\" name=\"_wpcf7\" value=\"148\" \/><input type=\"hidden\" name=\"_wpcf7_version\" value=\"6.1.4\" \/><input type=\"hidden\" name=\"_wpcf7_locale\" value=\"fr_FR\" \/><input type=\"hidden\" name=\"_wpcf7_unit_tag\" value=\"wpcf7-f148-o1\" \/><input type=\"hidden\" name=\"_wpcf7_container_post\" value=\"0\" \/><input type=\"hidden\" name=\"_wpcf7_posted_data_hash\" value=\"\" \/>\n<\/fieldset>\n<p><label> Nom de l'enfant *<br \/>\n<span class=\"wpcf7-form-control-wrap\" data-name=\"your-name\"><input size=\"40\" maxlength=\"400\" class=\"wpcf7-form-control wpcf7-text wpcf7-validates-as-required\" aria-required=\"true\" aria-invalid=\"false\" value=\"\" type=\"text\" name=\"your-name\" \/><\/span> <\/label>\n<\/p>\n<p><label> Classe *<br \/>\n<span class=\"wpcf7-form-control-wrap\" data-name=\"your-class\"><input size=\"40\" maxlength=\"400\" class=\"wpcf7-form-control wpcf7-text wpcf7-validates-as-required\" aria-required=\"true\" aria-invalid=\"false\" value=\"\" type=\"text\" name=\"your-class\" \/><\/span> <\/label>\n<\/p>\n<p><label>Date de l'absence<br \/>\n<span class=\"wpcf7-form-control-wrap\" data-name=\"date-absence\"><input class=\"wpcf7-form-control wpcf7-date wpcf7-validates-as-date\" aria-invalid=\"false\" value=\"\" type=\"date\" name=\"date-absence\" \/><\/span> <\/label>\n<\/p>\n<p><label>Motif de l'absence<br \/>\n<span class=\"wpcf7-form-control-wrap\" data-name=\"your-message\"><textarea cols=\"40\" rows=\"10\" maxlength=\"2000\" class=\"wpcf7-form-control wpcf7-textarea\" aria-invalid=\"false\" name=\"your-message\"><\/textarea><\/span> <\/label>\n<\/p>\n<p><label>E-mail *<br \/>\n<span class=\"wpcf7-form-control-wrap\" data-name=\"your-email\"><input size=\"40\" maxlength=\"400\" class=\"wpcf7-form-control wpcf7-email wpcf7-validates-as-required wpcf7-text wpcf7-validates-as-email\" aria-required=\"true\" aria-invalid=\"false\" value=\"\" type=\"email\" name=\"your-email\" \/><\/span> <\/label>\n<\/p>\n<p><div id=\"cf7sr-69d782fee7b8a\" class=\"cf7sr-g-recaptcha\" data-theme=\"light\" data-type=\"image\" data-size=\"normal\" data-sitekey=\"6Le7TNMUAAAAAF3QDt_7f-S9jKSnee_OHE7J4h_1\"><\/div><span class=\"wpcf7-form-control-wrap cf7sr-recaptcha\" data-name=\"cf7sr-recaptcha\"><input type=\"hidden\" name=\"cf7sr-recaptcha\" value=\"\" class=\"wpcf7-form-control\"><\/span><br \/>\n<input class=\"wpcf7-form-control wpcf7-submit has-spinner\" type=\"submit\" value=\"Envoyer\" \/>\n<\/p><div class=\"wpcf7-response-output\" aria-hidden=\"true\"><\/div>\n<\/form>\n<\/div>\n\n","protected":false},"excerpt":{"rendered":"<p>Vous pouvez utiliser ce formulaire pour nous signaler toute absence de votre enfant, en pr\u00e9cisant le motif. Tous les champs marqu\u00e9s d&rsquo;une ast\u00e9risque * sont obligatoires.<\/p>\n","protected":false},"author":3,"featured_media":0,"parent":0,"menu_order":0,"comment_status":"closed","ping_status":"closed","template":"","meta":{"ngg_post_thumbnail":0,"footnotes":""},"class_list":["post-149","page","type-page","status-publish","hentry"],"_links":{"self":[{"href":"https:\/\/www.ecolesaintyvesnantes.fr\/site\/wp-json\/wp\/v2\/pages\/149","targetHints":{"allow":["GET"]}}],"collection":[{"href":"https:\/\/www.ecolesaintyvesnantes.fr\/site\/wp-json\/wp\/v2\/pages"}],"about":[{"href":"https:\/\/www.ecolesaintyvesnantes.fr\/site\/wp-json\/wp\/v2\/types\/page"}],"author":[{"embeddable":true,"href":"https:\/\/www.ecolesaintyvesnantes.fr\/site\/wp-json\/wp\/v2\/users\/3"}],"replies":[{"embeddable":true,"href":"https:\/\/www.ecolesaintyvesnantes.fr\/site\/wp-json\/wp\/v2\/comments?post=149"}],"version-history":[{"count":3,"href":"https:\/\/www.ecolesaintyvesnantes.fr\/site\/wp-json\/wp\/v2\/pages\/149\/revisions"}],"predecessor-version":[{"id":240,"href":"https:\/\/www.ecolesaintyvesnantes.fr\/site\/wp-json\/wp\/v2\/pages\/149\/revisions\/240"}],"wp:attachment":[{"href":"https:\/\/www.ecolesaintyvesnantes.fr\/site\/wp-json\/wp\/v2\/media?parent=149"}],"curies":[{"name":"wp","href":"https:\/\/api.w.org\/{rel}","templated":true}]}}