{"id":191,"date":"2020-01-28T23:54:50","date_gmt":"2020-01-28T22:54:50","guid":{"rendered":"http:\/\/www.ecolesaintyvesnantes.fr\/site\/?page_id=191"},"modified":"2024-01-24T23:21:36","modified_gmt":"2024-01-24T22:21:36","slug":"commission-informatique","status":"publish","type":"page","link":"https:\/\/www.ecolesaintyvesnantes.fr\/site\/commission-informatique\/","title":{"rendered":"Commission informatique"},"content":{"rendered":"<p>La <strong>commission informatique<\/strong> est constitu\u00e9e de parents d&rsquo;\u00e9l\u00e8ves membres de l&rsquo;OGEC.<\/p>\n<p>Ses principales missions sont de :<\/p>\n<ul>\n<li>Assister l&rsquo;\u00e9quipe enseignante&nbsp; dans l&rsquo;utilisation du mat\u00e9riel informatique<\/li>\n<li>Administrer le r\u00e9seau de l&rsquo;\u00e9cole (routeur, switchs, r\u00e9p\u00e9titeurs wifi)<\/li>\n<li>G\u00e9rer le mat\u00e9riel informatique utilis\u00e9 en classe (ordinateurs, tablettes, vid\u00e9oprojecteurs)<\/li>\n<li>G\u00e9rer le mat\u00e9riel informatique du secr\u00e9tariat<\/li>\n<li>Administrer le site internet de l&rsquo;\u00e9cole<\/li>\n<li>G\u00e9rer la t\u00e9l\u00e9phonie<\/li>\n<\/ul>\n<p>En compl\u00e9ment, la commission informatique s&rsquo;occupe de la relation avec des prestataires informatiques externes, par exemple le fournisseur d&rsquo;acc\u00e8s internet ou le prestataire de services des photocopieurs.<\/p>\n<p>La commission informatique n&rsquo;intervient pas dans le choix des logiciels utilis\u00e9s en classe ni dans les usages du mat\u00e9riel informatique qui rel\u00e8vent des choix p\u00e9dagogiques de l&rsquo;\u00e9quipe enseignante.<\/p>\n<p>Si vous souhaitez nous rejoindre et mettre vos connaissances au service de l&rsquo;\u00e9quipe enseignante et des \u00e9l\u00e8ves, vous \u00eates les bienvenus !<\/p>\n<p>N\u2019h\u00e9sitez pas \u00e0 nous contacter : <a href=\"mailto:esy.informatique@gmail.com\">mailto:esy.informatique@gmail.com<\/a><\/p>\n<p>Pour la Commission informatique,<\/p>\n<p>Micha\u00ebl JEANNIC<\/p>\n<p>&nbsp;<\/p>\n","protected":false},"excerpt":{"rendered":"<p>La commission informatique est constitu\u00e9e de parents d&rsquo;\u00e9l\u00e8ves membres de l&rsquo;OGEC. Ses principales missions sont de : Assister l&rsquo;\u00e9quipe enseignante&nbsp; dans l&rsquo;utilisation du mat\u00e9riel informatique Administrer le r\u00e9seau de l&rsquo;\u00e9cole (routeur, switchs, r\u00e9p\u00e9titeurs wifi) G\u00e9rer le mat\u00e9riel informatique utilis\u00e9 en classe (ordinateurs, tablettes, vid\u00e9oprojecteurs) G\u00e9rer le mat\u00e9riel informatique du secr\u00e9tariat Administrer le site internet de<\/p>\n<p><a href=\"https:\/\/www.ecolesaintyvesnantes.fr\/site\/commission-informatique\/\" class=\"more-link themebutton\">Read More<\/a><\/p>\n","protected":false},"author":3,"featured_media":0,"parent":0,"menu_order":0,"comment_status":"closed","ping_status":"closed","template":"","meta":{"ngg_post_thumbnail":0,"footnotes":""},"class_list":["post-191","page","type-page","status-publish","hentry"],"_links":{"self":[{"href":"https:\/\/www.ecolesaintyvesnantes.fr\/site\/wp-json\/wp\/v2\/pages\/191","targetHints":{"allow":["GET"]}}],"collection":[{"href":"https:\/\/www.ecolesaintyvesnantes.fr\/site\/wp-json\/wp\/v2\/pages"}],"about":[{"href":"https:\/\/www.ecolesaintyvesnantes.fr\/site\/wp-json\/wp\/v2\/types\/page"}],"author":[{"embeddable":true,"href":"https:\/\/www.ecolesaintyvesnantes.fr\/site\/wp-json\/wp\/v2\/users\/3"}],"replies":[{"embeddable":true,"href":"https:\/\/www.ecolesaintyvesnantes.fr\/site\/wp-json\/wp\/v2\/comments?post=191"}],"version-history":[{"count":6,"href":"https:\/\/www.ecolesaintyvesnantes.fr\/site\/wp-json\/wp\/v2\/pages\/191\/revisions"}],"predecessor-version":[{"id":3089,"href":"https:\/\/www.ecolesaintyvesnantes.fr\/site\/wp-json\/wp\/v2\/pages\/191\/revisions\/3089"}],"wp:attachment":[{"href":"https:\/\/www.ecolesaintyvesnantes.fr\/site\/wp-json\/wp\/v2\/media?parent=191"}],"curies":[{"name":"wp","href":"https:\/\/api.w.org\/{rel}","templated":true}]}}