{"id":2,"date":"2019-09-19T09:40:46","date_gmt":"2019-09-19T07:40:46","guid":{"rendered":"http:\/\/www.ecolesaintyvesnantes.fr\/site\/?page_id=2"},"modified":"2026-01-02T22:38:26","modified_gmt":"2026-01-02T21:38:26","slug":"accueil","status":"publish","type":"page","link":"https:\/\/www.ecolesaintyvesnantes.fr\/site\/","title":{"rendered":"Accueil"},"content":{"rendered":"<div id=\"pl-2\"  class=\"panel-layout\" ><div id=\"pg-2-0\"  class=\"panel-grid panel-no-style\" ><div id=\"pgc-2-0-0\"  class=\"panel-grid-cell\" ><div id=\"panel-2-0-0-0\" class=\"so-panel widget widget_recent-posts-widget-with-thumbnails recent-posts-widget-with-thumbnails panel-first-child panel-last-child\" data-index=\"0\" ><div class=\"panel-widget-style panel-widget-style-for-2-0-0-0\" >\n<div id=\"rpwwt-widget-0-0-0\" class=\"rpwwt-widget\">\r\n\t<ul>\r\n\t\t<li><a href=\"https:\/\/www.ecolesaintyvesnantes.fr\/site\/2026\/03\/03\/%f0%9f%8c%b1-faites-pousser-le-printemps-et-les-projets-de-nos-eleves-%f0%9f%8c%b1\/\"><span class=\"rpwwt-post-title\">\ud83c\udf31 Faites pousser le printemps\u2026 et les projets de nos \u00e9l\u00e8ves ! \ud83c\udf31<\/span><\/a><div class=\"rpwwt-post-excerpt\">Ch\u00e8res familles, Le printemps arrive, et avec lui l\u2019envie de jardiner, de planter, de voir pousser <span class=\"rpwwt-post-excerpt-more\"> [\u2026]<\/span><\/div><\/li>\r\n\t\t<li><a href=\"https:\/\/www.ecolesaintyvesnantes.fr\/site\/2026\/03\/02\/%f0%9f%93%a6%f0%9f%a7%b8-alerte-grand-tri-de-printemps-%f0%9f%a7%b8%f0%9f%93%a6\/\"><span class=\"rpwwt-post-title\">\ud83d\udce6\ud83e\uddf8 ALERTE GRAND TRI DE PRINTEMPS ! \ud83e\uddf8\ud83d\udce6<\/span><\/a><div class=\"rpwwt-post-excerpt\">&nbsp; Les jouets qui d\u00e9bordent des placards ? Les livres lus 42 fois ? La trottinette \u00ab presque <span class=\"rpwwt-post-excerpt-more\"> [\u2026]<\/span><\/div><\/li>\r\n\t\t<li><a href=\"https:\/\/www.ecolesaintyvesnantes.fr\/site\/2026\/01\/29\/le-mercredi-et-pas-que-cest-kiwi\/\"><span class=\"rpwwt-post-title\">Le mercredi (et pas que\u2026), c\u2019est KIWI<\/span><\/a><div class=\"rpwwt-post-excerpt\">Ch\u00e8res familles, Pour faire le plein de vitamines en plein hiver, l\u2019APEL de l\u2019\u00e9cole Saint-Yves vous <span class=\"rpwwt-post-excerpt-more\"> [\u2026]<\/span><\/div><\/li>\r\n\t\t<li><a href=\"https:\/\/www.ecolesaintyvesnantes.fr\/site\/2026\/01\/29\/lecole-saint-yves-se-mobilise-pour-odyssea-dimanche-8-mars-2026\/\"><span class=\"rpwwt-post-title\">L\u2019\u00e9cole Saint-Yves se mobilise pour Odyssea \u2013 Dimanche 8 mars 2026<\/span><\/a><div class=\"rpwwt-post-excerpt\">Ch\u00e8res familles, Dans le cadre de son engagement solidaire, l\u2019\u00e9cole Saint-Yves, en lien avec <span class=\"rpwwt-post-excerpt-more\"> [\u2026]<\/span><\/div><\/li>\r\n\t\t<li><a href=\"https:\/\/www.ecolesaintyvesnantes.fr\/site\/2026\/01\/29\/conference-parents-mieux-comprendre-le-sommeil-de-lenfant\/\"><span class=\"rpwwt-post-title\">Conf\u00e9rence parents : mieux comprendre le sommeil de l\u2019enfant<\/span><\/a><div class=\"rpwwt-post-excerpt\">\u2728&nbsp;Ch\u00e8res familles, L\u2019APEL de l\u2019\u00e9cole Saint-Yves a le plaisir d\u2019inviter les parents \u00e0 une <span class=\"rpwwt-post-excerpt-more\"> [\u2026]<\/span><\/div><\/li>\r\n\t<\/ul>\r\n<\/div><!-- .rpwwt-widget -->\r\n<\/div><\/div><\/div><div id=\"pgc-2-0-1\"  class=\"panel-grid-cell\" ><div id=\"panel-2-0-1-0\" class=\"so-panel widget widget_sow-editor panel-first-child panel-last-child\" data-index=\"1\" ><div class=\"panel-widget-style panel-widget-style-for-2-0-1-0\" ><div\n\t\t\t\n\t\t\tclass=\"so-widget-sow-editor so-widget-sow-editor-base\"\n\t\t\t\n\t\t>\n<div class=\"siteorigin-widget-tinymce textwidget\">\n\t<p><!-- wp:paragraph --><\/p>\n<h2 style=\"text-align: center;\">Bienvenue sur le site de l\u2019\u00c9cole Saint-Yves de Nantes,<\/h2>\n<h2 style=\"text-align: center;\">enseignement catholique \u00e0 Saint-Joseph-de-Porterie<\/h2>\n<p style=\"text-align: center;\"><a href=\"https:\/\/www.ecolesaintyvesnantes.fr\/site\/wp-content\/uploads\/2024\/01\/AdobeStock_84417253-scaled.jpeg\"><img loading=\"lazy\" decoding=\"async\" class=\"alignnone  wp-image-3118\" src=\"https:\/\/www.ecolesaintyvesnantes.fr\/site\/wp-content\/uploads\/2024\/01\/AdobeStock_84417253-300x200.jpeg\" alt=\"\" width=\"408\" height=\"272\" srcset=\"https:\/\/www.ecolesaintyvesnantes.fr\/site\/wp-content\/uploads\/2024\/01\/AdobeStock_84417253-300x200.jpeg 300w, https:\/\/www.ecolesaintyvesnantes.fr\/site\/wp-content\/uploads\/2024\/01\/AdobeStock_84417253-1024x683.jpeg 1024w, https:\/\/www.ecolesaintyvesnantes.fr\/site\/wp-content\/uploads\/2024\/01\/AdobeStock_84417253-768x512.jpeg 768w, https:\/\/www.ecolesaintyvesnantes.fr\/site\/wp-content\/uploads\/2024\/01\/AdobeStock_84417253-1536x1024.jpeg 1536w, https:\/\/www.ecolesaintyvesnantes.fr\/site\/wp-content\/uploads\/2024\/01\/AdobeStock_84417253-2048x1365.jpeg 2048w, https:\/\/www.ecolesaintyvesnantes.fr\/site\/wp-content\/uploads\/2024\/01\/AdobeStock_84417253-272x182.jpeg 272w\" sizes=\"auto, (max-width: 408px) 100vw, 408px\" \/><\/a><\/p>\n<p><!-- \/wp:paragraph --><\/p>\n<\/div>\n<\/div><\/div><\/div><\/div><div id=\"pgc-2-0-2\"  class=\"panel-grid-cell\" ><div id=\"panel-2-0-2-0\" class=\"so-panel widget widget_sow-editor panel-first-child\" data-index=\"2\" ><div class=\"panel-widget-style panel-widget-style-for-2-0-2-0\" ><div\n\t\t\t\n\t\t\tclass=\"so-widget-sow-editor so-widget-sow-editor-base\"\n\t\t\t\n\t\t><h3 class=\"widget-title\">Tout savoir sur notre \u00e9cole<\/h3>\n<div class=\"siteorigin-widget-tinymce textwidget\">\n\t<p><a href=\"https:\/\/www.ecolesaintyvesnantes.fr\/site\/tout-savoir-sur-lecole-saint-yves-de-nantes\/\">Pour plus d'informations cliquez ici<\/a><\/p>\n<p><a href=\"https:\/\/www.ecolesaintyvesnantes.fr\/site\/tout-savoir-sur-lecole-saint-yves-de-nantes\/\"><img loading=\"lazy\" decoding=\"async\" class=\"alignnone wp-image-3121 size-medium\" src=\"http:\/\/www.ecolesaintyvesnantes.fr\/site\/wp-content\/uploads\/2024\/01\/AdobeStock_668953862-300x168.jpeg\" alt=\"\" width=\"300\" height=\"168\" srcset=\"https:\/\/www.ecolesaintyvesnantes.fr\/site\/wp-content\/uploads\/2024\/01\/AdobeStock_668953862-300x168.jpeg 300w, https:\/\/www.ecolesaintyvesnantes.fr\/site\/wp-content\/uploads\/2024\/01\/AdobeStock_668953862-1024x574.jpeg 1024w, https:\/\/www.ecolesaintyvesnantes.fr\/site\/wp-content\/uploads\/2024\/01\/AdobeStock_668953862-768x430.jpeg 768w, https:\/\/www.ecolesaintyvesnantes.fr\/site\/wp-content\/uploads\/2024\/01\/AdobeStock_668953862-1536x861.jpeg 1536w, https:\/\/www.ecolesaintyvesnantes.fr\/site\/wp-content\/uploads\/2024\/01\/AdobeStock_668953862-2048x1148.jpeg 2048w\" sizes=\"auto, (max-width: 300px) 100vw, 300px\" \/><\/a><\/p>\n<\/div>\n<\/div><\/div><\/div><div id=\"panel-2-0-2-1\" class=\"so-panel widget widget_sow-editor\" data-index=\"3\" ><div class=\"panel-widget-style panel-widget-style-for-2-0-2-1\" ><div\n\t\t\t\n\t\t\tclass=\"so-widget-sow-editor so-widget-sow-editor-base\"\n\t\t\t\n\t\t>\n<div class=\"siteorigin-widget-tinymce textwidget\">\n\t<p><a href=\"http:\/\/www.ecolesaintyvesnantes.fr\/site\/les-gestes-a-retenir\/\"><img loading=\"lazy\" decoding=\"async\" class=\"aligncenter wp-image-333\" src=\"http:\/\/www.ecolesaintyvesnantes.fr\/site\/wp-content\/uploads\/2020\/05\/Les-gestes-a-retenir-229x300.png\" alt=\"\" width=\"198\" height=\"260\" srcset=\"https:\/\/www.ecolesaintyvesnantes.fr\/site\/wp-content\/uploads\/2020\/05\/Les-gestes-a-retenir-229x300.png 229w, https:\/\/www.ecolesaintyvesnantes.fr\/site\/wp-content\/uploads\/2020\/05\/Les-gestes-a-retenir.png 478w\" sizes=\"auto, (max-width: 198px) 100vw, 198px\" \/><\/a><\/p>\n<\/div>\n<\/div><\/div><\/div><div id=\"panel-2-0-2-2\" class=\"so-panel widget widget_ai1ec_agenda_widget panel-last-child\" data-index=\"4\" ><div class=\"panel-widget-style panel-widget-style-for-2-0-2-2\" >\n\n\t<h3 class=\"widget-title\">\u00c9v\u00e9nements \u00e0 venir<\/h3>\n\n<style>\n<!--\n\n-->\n<\/style>\n<div class=\"timely ai1ec-agenda-widget-view ai1ec-clearfix\">\n\n\t\t\t<p class=\"ai1ec-no-results\">\n\t\t\tIl n\u2019y a aucun \u00e9v\u00e8nement \u00e0 venir.\n\t\t<\/p>\n\t \n\t\t\t<div class=\"ai1ec-subscribe-buttons-widget\">\n\t\t\t\t\t\t\t<a class=\"ai1ec-btn ai1ec-btn-default ai1ec-btn-xs ai1ec-pull-right\n\t\t\t\t\tai1ec-calendar-link\"\n\t\t\t\t\thref=\"https&#x3A;&#x2F;&#x2F;www.ecolesaintyvesnantes.fr&#x2F;site&#x2F;calendar&#x2F;\">\n\t\t\t\t\tVoir le calendrier\n\t\t\t\t\t<i class=\"ai1ec-fa ai1ec-fa-arrow-right\"><\/i>\n\t\t\t\t<\/a>\n\t\t\t\n\t\t\t\t\t\t\t<div class=\"ai1ec-subscribe-dropdown ai1ec-dropdown ai1ec-btn\n\tai1ec-btn-default ai1ec-btn-xs\">\n\t<span role=\"button\" class=\"ai1ec-dropdown-toggle ai1ec-subscribe\"\n\t\t\tdata-toggle=\"ai1ec-dropdown\">\n\t\t<i class=\"ai1ec-fa ai1ec-icon-rss ai1ec-fa-lg ai1ec-fa-fw\"><\/i>\n\t\t<span class=\"ai1ec-hidden-xs\">\n\t\t\t\t\t\t\tAjouter\n\t\t\t\t\t\t<span class=\"ai1ec-caret\"><\/span>\n\t\t<\/span>\n\t<\/span>\n\t\t\t<ul class=\"ai1ec-dropdown-menu ai1ec-pull-left\" role=\"menu\">\n\t\t<li>\n\t\t\t<a class=\"ai1ec-tooltip-trigger ai1ec-tooltip-auto\" target=\"_blank\"\n\t\t\t\tdata-placement=\"right\" title=\"Copiez cette URL pour votre propre calendrier Timely ou cliquez pour l\u2019ajouter \u00e0 votre calendrier de texte enrichi\"\n\t\t\t\thref=\"http&#x3A;&#x2F;&#x2F;www.ecolesaintyvesnantes.fr&#x2F;site&#x2F;&#x3F;plugin&#x3D;all-in-one-event-calendar&amp;controller&#x3D;ai1ec_exporter_controller&amp;action&#x3D;export_events\">\n\t\t\t\t<i class=\"ai1ec-fa ai1ec-fa-lg ai1ec-fa-fw ai1ec-icon-timely\"><\/i>\n\t\t\t\tAjouter au calendrier Timely\n\t\t\t<\/a>\n\t\t<\/li>\n\t\t<li>\n\t\t\t<a class=\"ai1ec-tooltip-trigger ai1ec-tooltip-auto\" target=\"_blank\"\n\t\t\t  data-placement=\"right\" title=\"Abonnez-vous \u00e0 ce calendrier dans votre agenda Google\"\n\t\t\t  href=\"https:\/\/www.google.com\/calendar\/render?cid=http&#x25;3A&#x25;2F&#x25;2Fwww.ecolesaintyvesnantes.fr&#x25;2Fsite&#x25;2F&#x25;3Fplugin&#x25;3Dall-in-one-event-calendar&#x25;26controller&#x25;3Dai1ec_exporter_controller&#x25;26action&#x25;3Dexport_events&#x25;26no_html&#x25;3Dtrue&#x25;26&#x25;26\">\n\t\t\t\t<i class=\"ai1ec-fa ai1ec-icon-google ai1ec-fa-lg ai1ec-fa-fw\"><\/i>\n\t\t\t\tAjouter \u00e0 Google\n\t\t\t<\/a>\n\t\t<\/li>\n\t\t<li>\n\t\t\t<a class=\"ai1ec-tooltip-trigger ai1ec-tooltip-auto\" target=\"_blank\"\n\t\t\t  data-placement=\"right\" title=\"Abonnez-vous \u00e0 ce calendrier dans MS Outlook\"\n\t\t\t  href=\"webcal&#x3A;&#x2F;&#x2F;www.ecolesaintyvesnantes.fr&#x2F;site&#x2F;&#x3F;plugin&#x3D;all-in-one-event-calendar&amp;controller&#x3D;ai1ec_exporter_controller&amp;action&#x3D;export_events&amp;no_html&#x3D;true\">\n\t\t\t\t<i class=\"ai1ec-fa ai1ec-icon-windows ai1ec-fa-lg ai1ec-fa-fw\"><\/i>\n\t\t\t\tAjouter \u00e0 Outlook\n\t\t\t<\/a>\n\t\t<\/li>\n\t\t<li>\n\t\t\t<a class=\"ai1ec-tooltip-trigger ai1ec-tooltip-auto\" target=\"_blank\"\n\t\t\t  data-placement=\"right\" title=\"Abonnez-vous \u00e0 ce calendrier dans votre agenda Apple\u00a0\/\u00a0iCal\"\n\t\t\t  href=\"webcal&#x3A;&#x2F;&#x2F;www.ecolesaintyvesnantes.fr&#x2F;site&#x2F;&#x3F;plugin&#x3D;all-in-one-event-calendar&amp;controller&#x3D;ai1ec_exporter_controller&amp;action&#x3D;export_events&amp;no_html&#x3D;true\">\n\t\t\t\t<i class=\"ai1ec-fa ai1ec-icon-apple ai1ec-fa-lg ai1ec-fa-fw\"><\/i>\n\t\t\t\tAjouter au calendrier Apple\n\t\t\t<\/a>\n\t\t<\/li>\n\t\t<li>\n\t\t\t\t\t\t<a class=\"ai1ec-tooltip-trigger ai1ec-tooltip-auto\"\n\t\t\t  data-placement=\"right\" title=\"Abonnez-vous \u00e0 ce calendrier dans un autre calendrier en texte brut\"\n\t\t\t  href=\"http&#x3A;&#x2F;&#x2F;www.ecolesaintyvesnantes.fr&#x2F;site&#x2F;&#x3F;plugin&#x3D;all-in-one-event-calendar&amp;controller&#x3D;ai1ec_exporter_controller&amp;action&#x3D;export_events&amp;no_html&#x3D;true\">\n\t\t\t\t<i class=\"ai1ec-fa ai1ec-icon-calendar ai1ec-fa-fw\"><\/i>\n\t\t\t\tAjouter \u00e0 un autre calendrier\n\t\t\t<\/a>\n\t\t<\/li>\n\t\t<li>\n\t\t\t<a class=\"ai1ec-tooltip-trigger ai1ec-tooltip-auto\"\n\t\t\t  data-placement=\"right\" title=\"\"\n\t\t\t  href=\"http&#x3A;&#x2F;&#x2F;www.ecolesaintyvesnantes.fr&#x2F;site&#x2F;&#x3F;plugin&#x3D;all-in-one-event-calendar&amp;controller&#x3D;ai1ec_exporter_controller&amp;action&#x3D;export_events&xml=true\">\n\t\t\t\t<i class=\"ai1ec-fa ai1ec-fa-file-text ai1ec-fa-lg ai1ec-fa-fw\"><\/i>\n\t\t\t\tExporter vers XML\n\t\t\t<\/a>\n\t\t<\/li>\n\t<\/ul>\n<\/div>\n\n\t\t\t\t\t<\/div>\n\t \n<\/div>\n\n\n\n<\/div><\/div><\/div><\/div><div id=\"pg-2-1\"  class=\"panel-grid panel-no-style\" ><div id=\"pgc-2-1-0\"  class=\"panel-grid-cell\" ><div id=\"panel-2-1-0-0\" class=\"so-panel widget widget_sow-post-carousel panel-first-child panel-last-child\" data-index=\"5\" ><div class=\"panel-widget-style panel-widget-style-for-2-1-0-0\" ><div\n\t\t\t\n\t\t\tclass=\"so-widget-sow-post-carousel so-widget-sow-post-carousel-base-ad93eedad001-21324\"\n\t\t\t\n\t\t>\t<div\n\t\tclass=\"sow-post-carousel-wrapper sow-post-carousel-theme-base\"\n\t\tstyle=\"overflow: hidden; max-width: 100%; min-height: 182px\"\n\t>\n\t\t<div class=\"sow-carousel-title has-title\">\n\t<h3 class=\"widget-title\">Tous les articles de l&#039;ann\u00e9e<\/h3>\t\t<div class=\"sow-carousel-navigation \">\n\t\t\t\t\t\t<a href=\"#\" class=\"sow-carousel-next\" title=\"Suivant\" aria-label=\"Next Posts\" role=\"button\"><\/a>\n\t\t\t\t\t\t<a href=\"#\" class=\"sow-carousel-previous\" title=\"Pr\u00e9c\u00e9dent\" aria-label=\"Previous Posts\" role=\"button\"><\/a>\n\t\t\t\t\t<\/div>\n\t<\/div>\n\n<div class=\"sow-carousel-container \">\n\t\t<div class=\"sow-carousel-wrapper\"\n\t\tdata-dir=\"ltr\"\n\t\tstyle=\"opacity: 0;\"\n\t\tdata-widget=\"post\" data-fetching=\"false\" data-page=\"1\" data-ajax-url=\"https:\/\/www.ecolesaintyvesnantes.fr\/site\/wp-admin\/admin-ajax.php?_widgets_nonce=238d023cc2\" data-item_count=\"123\" data-carousel_settings=\"{&quot;loop&quot;:true,&quot;animation&quot;:&quot;Ease&quot;,&quot;animation_speed&quot;:400,&quot;autoplay&quot;:&quot;&quot;,&quot;pauseOnHover&quot;:&quot;&quot;,&quot;autoplaySpeed&quot;:8000,&quot;item_overflow&quot;:true,&quot;autoplay_continuous_scroll&quot;:false}\" data-responsive=\"{&quot;desktop_slides_to_scroll&quot;:1,&quot;tablet_landscape_breakpoint&quot;:1366,&quot;tablet_landscape_slides_to_scroll&quot;:2,&quot;tablet_portrait_breakpoint&quot;:1025,&quot;tablet_portrait_slides_to_scroll&quot;:2,&quot;mobile_breakpoint&quot;:480,&quot;mobile_slides_to_scroll&quot;:1}\" data-variable_width=\"true\" \t>\n\t\t<div\n\t\t\tclass=\"sow-carousel-items\"\n\t\t\t\t\t>\n\t\t\t\t<div class=\"sow-carousel-item\" tabindex=\"-1\" style=\"float: left;\">\n\t\t<div class=\"sow-carousel-thumbnail\">\n\t\t\t\t\t\t\t<a\n\t\t\t\t\thref=\"https:\/\/www.ecolesaintyvesnantes.fr\/site\/2026\/03\/03\/%f0%9f%8c%b1-faites-pousser-le-printemps-et-les-projets-de-nos-eleves-%f0%9f%8c%b1\/\"\n\t\t\t\t\tclass=\"sow-carousel-default-thumbnail\"\n\t\t\t\t\t\t\t\t\t\t\t\t\t\t\taria-labelledby=\"sow-carousel-id-21372\"\n\t\t\t\t\ttabindex=\"-1\"\n\t\t\t\t>\n\t\t\t\t\t<span class=\"overlay\"><\/span>\n\t\t\t\t<\/a>\n\t\t\t\t\t<\/div>\n\t\t<h3 class=\"sow-carousel-item-title\">\n\t\t\t<a\n\t\t\t\thref=\"https:\/\/www.ecolesaintyvesnantes.fr\/site\/2026\/03\/03\/%f0%9f%8c%b1-faites-pousser-le-printemps-et-les-projets-de-nos-eleves-%f0%9f%8c%b1\/\"\n\t\t\t\tid=\"sow-carousel-id-21372\"\n\t\t\t\t\t\t\t\ttabindex=\"-1\"\n\t\t\t>\n\n\t\t\t\t\ud83c\udf31 Faites pousser le printemps\u2026 et les projets de nos \u00e9l\u00e8ves ! \ud83c\udf31\t\t\t<\/a>\n\t\t<\/h3>\n\t<\/div>\n\t\t<div class=\"sow-carousel-item\" tabindex=\"-1\" style=\"float: left;\">\n\t\t<div class=\"sow-carousel-thumbnail\">\n\t\t\t\t\t\t\t<a\n\t\t\t\t\thref=\"https:\/\/www.ecolesaintyvesnantes.fr\/site\/2026\/03\/02\/%f0%9f%93%a6%f0%9f%a7%b8-alerte-grand-tri-de-printemps-%f0%9f%a7%b8%f0%9f%93%a6\/\"\n\t\t\t\t\tclass=\"sow-carousel-default-thumbnail\"\n\t\t\t\t\t\t\t\t\t\t\t\t\t\t\taria-labelledby=\"sow-carousel-id-21354\"\n\t\t\t\t\ttabindex=\"-1\"\n\t\t\t\t>\n\t\t\t\t\t<span class=\"overlay\"><\/span>\n\t\t\t\t<\/a>\n\t\t\t\t\t<\/div>\n\t\t<h3 class=\"sow-carousel-item-title\">\n\t\t\t<a\n\t\t\t\thref=\"https:\/\/www.ecolesaintyvesnantes.fr\/site\/2026\/03\/02\/%f0%9f%93%a6%f0%9f%a7%b8-alerte-grand-tri-de-printemps-%f0%9f%a7%b8%f0%9f%93%a6\/\"\n\t\t\t\tid=\"sow-carousel-id-21354\"\n\t\t\t\t\t\t\t\ttabindex=\"-1\"\n\t\t\t>\n\n\t\t\t\t\ud83d\udce6\ud83e\uddf8 ALERTE GRAND TRI DE PRINTEMPS ! \ud83e\uddf8\ud83d\udce6\t\t\t<\/a>\n\t\t<\/h3>\n\t<\/div>\n\t\t<div class=\"sow-carousel-item\" tabindex=\"-1\" style=\"float: left;\">\n\t\t<div class=\"sow-carousel-thumbnail\">\n\t\t\t\t\t\t\t<a\n\t\t\t\t\thref=\"https:\/\/www.ecolesaintyvesnantes.fr\/site\/2026\/01\/29\/le-mercredi-et-pas-que-cest-kiwi\/\"\n\t\t\t\t\tclass=\"sow-carousel-default-thumbnail\"\n\t\t\t\t\t\t\t\t\t\t\t\t\t\t\taria-labelledby=\"sow-carousel-id-21342\"\n\t\t\t\t\ttabindex=\"-1\"\n\t\t\t\t>\n\t\t\t\t\t<span class=\"overlay\"><\/span>\n\t\t\t\t<\/a>\n\t\t\t\t\t<\/div>\n\t\t<h3 class=\"sow-carousel-item-title\">\n\t\t\t<a\n\t\t\t\thref=\"https:\/\/www.ecolesaintyvesnantes.fr\/site\/2026\/01\/29\/le-mercredi-et-pas-que-cest-kiwi\/\"\n\t\t\t\tid=\"sow-carousel-id-21342\"\n\t\t\t\t\t\t\t\ttabindex=\"-1\"\n\t\t\t>\n\n\t\t\t\tLe mercredi (et pas que\u2026), c\u2019est KIWI\t\t\t<\/a>\n\t\t<\/h3>\n\t<\/div>\n\t\t<div class=\"sow-carousel-item\" tabindex=\"-1\" style=\"float: left;\">\n\t\t<div class=\"sow-carousel-thumbnail\">\n\t\t\t\t\t\t\t<a\n\t\t\t\t\thref=\"https:\/\/www.ecolesaintyvesnantes.fr\/site\/2026\/01\/29\/lecole-saint-yves-se-mobilise-pour-odyssea-dimanche-8-mars-2026\/\"\n\t\t\t\t\tclass=\"sow-carousel-default-thumbnail\"\n\t\t\t\t\t\t\t\t\t\t\t\t\t\t\taria-labelledby=\"sow-carousel-id-21336\"\n\t\t\t\t\ttabindex=\"-1\"\n\t\t\t\t>\n\t\t\t\t\t<span class=\"overlay\"><\/span>\n\t\t\t\t<\/a>\n\t\t\t\t\t<\/div>\n\t\t<h3 class=\"sow-carousel-item-title\">\n\t\t\t<a\n\t\t\t\thref=\"https:\/\/www.ecolesaintyvesnantes.fr\/site\/2026\/01\/29\/lecole-saint-yves-se-mobilise-pour-odyssea-dimanche-8-mars-2026\/\"\n\t\t\t\tid=\"sow-carousel-id-21336\"\n\t\t\t\t\t\t\t\ttabindex=\"-1\"\n\t\t\t>\n\n\t\t\t\tL\u2019\u00e9cole Saint-Yves se mobilise pour Odyssea \u2013 Dimanche 8 mars 2026\t\t\t<\/a>\n\t\t<\/h3>\n\t<\/div>\n\t\t<div class=\"sow-carousel-item\" tabindex=\"-1\" style=\"float: left;\">\n\t\t<div class=\"sow-carousel-thumbnail\">\n\t\t\t\t\t\t\t<a\n\t\t\t\t\thref=\"https:\/\/www.ecolesaintyvesnantes.fr\/site\/2025\/12\/17\/les-cm2-font-un-escape-game-sur-le-theme-de-lenergie\/\"\n\t\t\t\t\tclass=\"sow-carousel-default-thumbnail\"\n\t\t\t\t\t\t\t\t\t\t\t\t\t\t\taria-labelledby=\"sow-carousel-id-21297\"\n\t\t\t\t\ttabindex=\"-1\"\n\t\t\t\t>\n\t\t\t\t\t<span class=\"overlay\"><\/span>\n\t\t\t\t<\/a>\n\t\t\t\t\t<\/div>\n\t\t<h3 class=\"sow-carousel-item-title\">\n\t\t\t<a\n\t\t\t\thref=\"https:\/\/www.ecolesaintyvesnantes.fr\/site\/2025\/12\/17\/les-cm2-font-un-escape-game-sur-le-theme-de-lenergie\/\"\n\t\t\t\tid=\"sow-carousel-id-21297\"\n\t\t\t\t\t\t\t\ttabindex=\"-1\"\n\t\t\t>\n\n\t\t\t\tLes CM2 font un escape game sur le th\u00e8me de l&rsquo;\u00e9nergie\t\t\t<\/a>\n\t\t<\/h3>\n\t<\/div>\n\t\t<div class=\"sow-carousel-item\" tabindex=\"-1\" style=\"float: left;\">\n\t\t<div class=\"sow-carousel-thumbnail\">\n\t\t\t\t\t\t\t<a\n\t\t\t\t\thref=\"https:\/\/www.ecolesaintyvesnantes.fr\/site\/2025\/12\/11\/%f0%9f%8e%84-retour-sur-notre-marche-de-noel-du-5-decembre-%f0%9f%8e%84\/\"\n\t\t\t\t\t\t\t\t\t\tstyle=\"background-image: url( https:\/\/www.ecolesaintyvesnantes.fr\/site\/wp-content\/uploads\/2025\/12\/Village-noel-272x182.jpg )\"\n\t\t\t\t\taria-labelledby=\"sow-carousel-id-21285\"\n\t\t\t\t\ttabindex=\"-1\"\n\t\t\t\t>\n\t\t\t\t\t<span class=\"overlay\"><\/span>\n\t\t\t\t<\/a>\n\t\t\t\t\t<\/div>\n\t\t<h3 class=\"sow-carousel-item-title\">\n\t\t\t<a\n\t\t\t\thref=\"https:\/\/www.ecolesaintyvesnantes.fr\/site\/2025\/12\/11\/%f0%9f%8e%84-retour-sur-notre-marche-de-noel-du-5-decembre-%f0%9f%8e%84\/\"\n\t\t\t\tid=\"sow-carousel-id-21285\"\n\t\t\t\t\t\t\t\ttabindex=\"-1\"\n\t\t\t>\n\n\t\t\t\t\ud83c\udf84 Retour sur notre March\u00e9 de No\u00ebl du 5 d\u00e9cembre \ud83c\udf84\t\t\t<\/a>\n\t\t<\/h3>\n\t<\/div>\n\t\t<div class=\"sow-carousel-item\" tabindex=\"-1\" style=\"float: left;\">\n\t\t<div class=\"sow-carousel-thumbnail\">\n\t\t\t\t\t\t\t<a\n\t\t\t\t\thref=\"https:\/\/www.ecolesaintyvesnantes.fr\/site\/2025\/12\/01\/%f0%9f%8e%84-atelier-des-ptits-lutin-un-grand-merci-a-tous-%f0%9f%8e%84\/\"\n\t\t\t\t\t\t\t\t\t\tstyle=\"background-image: url( https:\/\/www.ecolesaintyvesnantes.fr\/site\/wp-content\/uploads\/2025\/12\/Capture-decran-2025-12-01-161257-272x182.png )\"\n\t\t\t\t\taria-labelledby=\"sow-carousel-id-21264\"\n\t\t\t\t\ttabindex=\"-1\"\n\t\t\t\t>\n\t\t\t\t\t<span class=\"overlay\"><\/span>\n\t\t\t\t<\/a>\n\t\t\t\t\t<\/div>\n\t\t<h3 class=\"sow-carousel-item-title\">\n\t\t\t<a\n\t\t\t\thref=\"https:\/\/www.ecolesaintyvesnantes.fr\/site\/2025\/12\/01\/%f0%9f%8e%84-atelier-des-ptits-lutin-un-grand-merci-a-tous-%f0%9f%8e%84\/\"\n\t\t\t\tid=\"sow-carousel-id-21264\"\n\t\t\t\t\t\t\t\ttabindex=\"-1\"\n\t\t\t>\n\n\t\t\t\t\ud83c\udf84 Atelier des P&rsquo;tits Lutins : un grand merci \u00e0 tous ! \ud83c\udf84\t\t\t<\/a>\n\t\t<\/h3>\n\t<\/div>\n\t\t<div class=\"sow-carousel-item\" tabindex=\"-1\" style=\"float: left;\">\n\t\t<div class=\"sow-carousel-thumbnail\">\n\t\t\t\t\t\t\t<a\n\t\t\t\t\thref=\"https:\/\/www.ecolesaintyvesnantes.fr\/site\/2025\/11\/27\/%f0%9f%8e%84%e2%9c%a8-collecte-de-noel-les-petits-lutins-solidaires-de-lecole-saint-yves-%e2%9c%a8%f0%9f%8e%84\/\"\n\t\t\t\t\t\t\t\t\t\tstyle=\"background-image: url( https:\/\/www.ecolesaintyvesnantes.fr\/site\/wp-content\/uploads\/2025\/11\/Logo-Resto-du-Coeur-e1764256623549-272x182.jpg )\"\n\t\t\t\t\taria-labelledby=\"sow-carousel-id-21249\"\n\t\t\t\t\ttabindex=\"-1\"\n\t\t\t\t>\n\t\t\t\t\t<span class=\"overlay\"><\/span>\n\t\t\t\t<\/a>\n\t\t\t\t\t<\/div>\n\t\t<h3 class=\"sow-carousel-item-title\">\n\t\t\t<a\n\t\t\t\thref=\"https:\/\/www.ecolesaintyvesnantes.fr\/site\/2025\/11\/27\/%f0%9f%8e%84%e2%9c%a8-collecte-de-noel-les-petits-lutins-solidaires-de-lecole-saint-yves-%e2%9c%a8%f0%9f%8e%84\/\"\n\t\t\t\tid=\"sow-carousel-id-21249\"\n\t\t\t\t\t\t\t\ttabindex=\"-1\"\n\t\t\t>\n\n\t\t\t\t\ud83c\udf84\u2728 Collecte de No\u00ebl : Les petits lutins solidaires de l\u2019\u00e9cole Saint Yves ! \u2728\ud83c\udf84\t\t\t<\/a>\n\t\t<\/h3>\n\t<\/div>\n\t\t<div class=\"sow-carousel-item\" tabindex=\"-1\" style=\"float: left;\">\n\t\t<div class=\"sow-carousel-thumbnail\">\n\t\t\t\t\t\t\t<a\n\t\t\t\t\thref=\"https:\/\/www.ecolesaintyvesnantes.fr\/site\/2025\/11\/27\/nouveau-latelier-des-lutins-viens-fabriquer-la-magie-de-noel\/\"\n\t\t\t\t\t\t\t\t\t\tstyle=\"background-image: url( https:\/\/www.ecolesaintyvesnantes.fr\/site\/wp-content\/uploads\/2025\/11\/Lutin-225x182.jpeg )\"\n\t\t\t\t\taria-labelledby=\"sow-carousel-id-21240\"\n\t\t\t\t\ttabindex=\"-1\"\n\t\t\t\t>\n\t\t\t\t\t<span class=\"overlay\"><\/span>\n\t\t\t\t<\/a>\n\t\t\t\t\t<\/div>\n\t\t<h3 class=\"sow-carousel-item-title\">\n\t\t\t<a\n\t\t\t\thref=\"https:\/\/www.ecolesaintyvesnantes.fr\/site\/2025\/11\/27\/nouveau-latelier-des-lutins-viens-fabriquer-la-magie-de-noel\/\"\n\t\t\t\tid=\"sow-carousel-id-21240\"\n\t\t\t\t\t\t\t\ttabindex=\"-1\"\n\t\t\t>\n\n\t\t\t\tNOUVEAU : L\u2019Atelier des Lutins, viens fabriquer la magie de No\u00ebl !\t\t\t<\/a>\n\t\t<\/h3>\n\t<\/div>\n\t\t<div class=\"sow-carousel-item\" tabindex=\"-1\" style=\"float: left;\">\n\t\t<div class=\"sow-carousel-thumbnail\">\n\t\t\t\t\t\t\t<a\n\t\t\t\t\thref=\"https:\/\/www.ecolesaintyvesnantes.fr\/site\/2025\/11\/24\/soiree-annuelle-des-mamans-une-ambiance-bresilienne-haute-en-couleurs\/\"\n\t\t\t\t\t\t\t\t\t\tstyle=\"background-image: url( https:\/\/www.ecolesaintyvesnantes.fr\/site\/wp-content\/uploads\/2025\/11\/PXL_20251122_0924409682-272x182.jpg )\"\n\t\t\t\t\taria-labelledby=\"sow-carousel-id-21226\"\n\t\t\t\t\ttabindex=\"-1\"\n\t\t\t\t>\n\t\t\t\t\t<span class=\"overlay\"><\/span>\n\t\t\t\t<\/a>\n\t\t\t\t\t<\/div>\n\t\t<h3 class=\"sow-carousel-item-title\">\n\t\t\t<a\n\t\t\t\thref=\"https:\/\/www.ecolesaintyvesnantes.fr\/site\/2025\/11\/24\/soiree-annuelle-des-mamans-une-ambiance-bresilienne-haute-en-couleurs\/\"\n\t\t\t\tid=\"sow-carousel-id-21226\"\n\t\t\t\t\t\t\t\ttabindex=\"-1\"\n\t\t\t>\n\n\t\t\t\tSoir\u00e9e annuelle des mamans : une ambiance br\u00e9silienne haute en couleurs !!\t\t\t<\/a>\n\t\t<\/h3>\n\t<\/div>\n\t\t\t<\/div>\n\t\t\t<\/div>\n\n\t<\/div>\n\t\t<input type=\"hidden\" name=\"instance_hash\" value=\"82bf458a\"\/>\n\t<\/div>\n<\/div><\/div><\/div><\/div><\/div><\/div>","protected":false},"excerpt":{"rendered":"<p>Bienvenue sur le site de l\u2019\u00c9cole Saint-Yves de Nantes, enseignement catholique \u00e0 Saint-Joseph-de-Porterie Pour plus d&rsquo;informations cliquez ici<\/p>\n","protected":false},"author":1,"featured_media":0,"parent":0,"menu_order":0,"comment_status":"closed","ping_status":"closed","template":"","meta":{"ngg_post_thumbnail":0,"footnotes":""},"class_list":["post-2","page","type-page","status-publish","hentry"],"_links":{"self":[{"href":"https:\/\/www.ecolesaintyvesnantes.fr\/site\/wp-json\/wp\/v2\/pages\/2","targetHints":{"allow":["GET"]}}],"collection":[{"href":"https:\/\/www.ecolesaintyvesnantes.fr\/site\/wp-json\/wp\/v2\/pages"}],"about":[{"href":"https:\/\/www.ecolesaintyvesnantes.fr\/site\/wp-json\/wp\/v2\/types\/page"}],"author":[{"embeddable":true,"href":"https:\/\/www.ecolesaintyvesnantes.fr\/site\/wp-json\/wp\/v2\/users\/1"}],"replies":[{"embeddable":true,"href":"https:\/\/www.ecolesaintyvesnantes.fr\/site\/wp-json\/wp\/v2\/comments?post=2"}],"version-history":[{"count":137,"href":"https:\/\/www.ecolesaintyvesnantes.fr\/site\/wp-json\/wp\/v2\/pages\/2\/revisions"}],"predecessor-version":[{"id":21317,"href":"https:\/\/www.ecolesaintyvesnantes.fr\/site\/wp-json\/wp\/v2\/pages\/2\/revisions\/21317"}],"wp:attachment":[{"href":"https:\/\/www.ecolesaintyvesnantes.fr\/site\/wp-json\/wp\/v2\/media?parent=2"}],"curies":[{"name":"wp","href":"https:\/\/api.w.org\/{rel}","templated":true}]}}