{"id":89,"date":"2019-09-21T13:24:37","date_gmt":"2019-09-21T11:24:37","guid":{"rendered":"http:\/\/www.ecolesaintyvesnantes.fr\/site\/?page_id=89"},"modified":"2025-11-06T15:55:04","modified_gmt":"2025-11-06T14:55:04","slug":"apel","status":"publish","type":"page","link":"https:\/\/www.ecolesaintyvesnantes.fr\/site\/apel\/","title":{"rendered":"APEL"},"content":{"rendered":"<h3><\/h3>\n<h3 style=\"text-align: center\"><span style=\"font-size: 24pt\"><strong>L\u2019APEL Saint-Yves<\/strong><\/span><\/h3>\n<h3 style=\"text-align: center\"><span style=\"font-size: 24pt\"><strong>Des parents engag\u00e9s pour la vie et le <span style=\"color: #000000\">bonheur<\/span> de l\u2019\u00e9cole<\/strong><\/span><a href=\"https:\/\/www.facebook.com\/groups\/1158673159493386\/\"><img loading=\"lazy\" decoding=\"async\" class=\"wp-image-703 aligncenter\" src=\"http:\/\/www.ecolesaintyvesnantes.fr\/site\/wp-content\/uploads\/2020\/09\/LOGO-APEL.png\" alt=\"\" width=\"121\" height=\"131\" \/><\/a><\/h3>\n<p style=\"text-align: center\"><span style=\"font-size: 18pt;font-family: georgia, palatino, serif;color: #333333\">L\u2019<strong>APEL<\/strong> (Association des Parents d\u2019\u00c9l\u00e8ves de l\u2019Enseignement Libre) est avant tout une <strong>\u00e9quipe dynamique de parents b\u00e9n\u00e9voles<\/strong> investis dans la vie de l\u2019\u00e9tablissement.<\/span><\/p>\n<p><span style=\"font-family: georgia, palatino, serif;font-size: 14pt;color: #333333\"><strong>\ud83d\udcdd <span style=\"color: #0f5935;font-size: 18pt\">Bureau de l\u2019APEL Saint-Yves<\/span> \ud83d\udcdd<\/strong><\/span><\/p>\n<ul>\n<li><span style=\"font-family: georgia, palatino, serif;font-size: 14pt;color: #333333\"><strong>Elodie POTHIER<\/strong>, Pr\u00e9sidente<\/span><\/li>\n<li><span style=\"font-family: georgia, palatino, serif;font-size: 14pt;color: #333333\"><strong>Anne-Laure BOISSON<\/strong>, Tr\u00e9sori\u00e8re<\/span><\/li>\n<li><span style=\"font-family: georgia, palatino, serif;font-size: 14pt;color: #333333\"><strong>Myl\u00e8ne DURAND<\/strong>, Secr\u00e9taire<\/span><\/li>\n<\/ul>\n<p><span style=\"font-size: 14pt;font-family: georgia, palatino, serif;color: #333333\">&#8211;&gt; Pour d\u00e9couvrir l\u2019ensemble du <strong>Conseil d\u2019administration<\/strong> de l\u2019APEL, cliquez ici : <span style=\"color: #ff6600\"><strong><span id=\"cloakd77af1e512d5f1fbf159d51bdafc24d5\"><a style=\"color: #ff6600\" href=\"http:\/\/www.ecolesaintyvesnantes.fr\/site\/wp-content\/uploads\/2025\/11\/Trombi-APEL-2025-2026.pdf\" target=\"_blank\" rel=\"noopener noreferrer\">Trombinoscope APEL<\/a><\/span><\/strong><\/span><\/span><br \/>\n<span style=\"font-size: 14pt;font-family: georgia, palatino, serif;color: #333333\">&#8211;&gt; Pour consulter le <strong>proc\u00e8s-verbal de l\u2019Assembl\u00e9e G\u00e9n\u00e9rale<\/strong> du 9 octobre 2025, cliquez ici :<span style=\"color: #ff6600\"><strong> <a style=\"color: #ff6600\" href=\"http:\/\/www.ecolesaintyvesnantes.fr\/site\/wp-content\/uploads\/2025\/11\/PV_AG09102025_APEL_2025.pdf\"><span style=\"text-decoration: underline\">PV AG APEL 2025<\/span><\/a><\/strong><\/span><\/span><\/p>\n<p><span style=\"font-size: 14pt;color: #333333\">Pour nous contacter : <span style=\"color: #ff6600\"><strong><span style=\"font-family: georgia, palatino, serif\"><span id=\"cloakd77af1e512d5f1fbf159d51bdafc24d5\"><a style=\"color: #ff6600\" href=\"mailto:saintyves.apel@gmail.com\">saintyves.apel@gmail.com<\/a><\/span><\/span><\/strong><\/span><\/span><\/p>\n<p><span style=\"font-size: 14pt;font-family: georgia, palatino, serif;color: #333333\">En lien \u00e9troit avec l\u2019\u00e9quipe \u00e9ducative, nous \u0153uvrons tout au long de l\u2019ann\u00e9e pour f<strong>avoriser l\u2019\u00e9panouissement des enfants et renforcer le lien entre les familles et l\u2019\u00e9cole<\/strong>.<\/span><\/p>\n<p>&nbsp;<\/p>\n<p><span style=\"font-family: georgia, palatino, serif;font-size: 14pt;color: #333333\"><strong>\ud83d\udc96 <span style=\"color: #0f5935;font-size: 18pt\">Nos objectifs<\/span> \ud83d\udc96<\/strong><\/span><\/p>\n<p><span style=\"font-size: 14pt;font-family: georgia, palatino, serif;color: #333333\">Que les enfants soient <strong>heureux<\/strong>, que l\u2019\u00e9cole soit un lieu <strong>de sourires, d\u2019\u00e9motions et de d\u00e9couvertes<\/strong> ;<\/span><br \/>\n<span style=\"font-size: 14pt;font-family: georgia, palatino, serif;color: #333333\">que les parents se sentent <strong>confiants et bien accompagn\u00e9s<\/strong> ;<\/span><br \/>\n<span style=\"font-size: 14pt;font-family: georgia, palatino, serif;color: #333333\">et que l\u2019\u00e9quipe \u00e9ducative garde l\u2019envie et l\u2019\u00e9nergie de <strong>mener de nombreux projets<\/strong>.<\/span><\/p>\n<p>&nbsp;<\/p>\n<p><span style=\"font-family: georgia, palatino, serif;font-size: 14pt;color: #333333\"><strong>\ud83c\udfaf <span style=\"color: #0f5935;font-size: 18pt\">Nos missions<\/span> \ud83c\udfaf<\/strong><\/span><\/p>\n<ul style=\"list-style-type: disc\">\n<li><span style=\"font-family: georgia, palatino, serif;font-size: 14pt;color: #333333\"><strong>ACCUEILLIR<\/strong> les nouvelles familles et leurs enfants pour <strong>faciliter leur int\u00e9gration<\/strong> \u00e0 l\u2019\u00e9cole.<\/span><\/li>\n<li><span style=\"font-family: georgia, palatino, serif;font-size: 14pt;color: #333333\"><strong>REPR\u00c9SENTER<\/strong> les parents et <strong>assurer le lien<\/strong> entre les familles, les enseignants et la direction.<\/span><\/li>\n<li><span style=\"font-family: georgia, palatino, serif;font-size: 14pt;color: #333333\"><strong>ANIMER<\/strong> la vie de l\u2019\u00e9cole en organisant des <strong>\u00e9v\u00e9nements festifs et conviviaux<\/strong> tout au long de l\u2019ann\u00e9e.<\/span><\/li>\n<li><span style=\"font-family: georgia, palatino, serif;font-size: 14pt;color: #333333\"><strong>PARTICIPER financi\u00e8rement, <\/strong>au b\u00e9n\u00e9fice de <strong>TOUS LES \u00c9L\u00c8VES,<\/strong> :<\/span>\n<ul style=\"list-style-type: circle\">\n<li><span style=\"font-family: georgia, palatino, serif;font-size: 14pt;color: #333333\">aux <strong>projets p\u00e9dagogiques et animations<\/strong> li\u00e9s au th\u00e8me annuel,<\/span><\/li>\n<li><span style=\"font-family: georgia, palatino, serif;font-size: 14pt;color: #333333\">aux <strong>sorties scolaires et classes d\u00e9couvertes<\/strong>,<\/span><\/li>\n<li><span style=\"font-family: georgia, palatino, serif;font-size: 14pt;color: #333333\">aux <strong>activit\u00e9s \u00e9ducatives<\/strong>,<\/span><\/li>\n<li><span style=\"font-family: georgia, palatino, serif;font-size: 14pt;color: #333333\">et aux <strong>achats de mat\u00e9riel<\/strong>.<\/span><\/li>\n<\/ul>\n<\/li>\n<\/ul>\n<p>&nbsp;<\/p>\n<p><span style=\"font-family: georgia, palatino, serif;font-size: 14pt;color: #333333\"><strong>\ud83d\udca1 <span style=\"color: #0f5935;font-size: 18pt\">S\u2019impliquer, c\u2019est simple et ouvert \u00e0 tous !<\/span> \ud83d\udca1<\/strong><\/span><\/p>\n<p><span style=\"font-family: georgia, palatino, serif;font-size: 14pt;color: #333333\">Chacun peut contribuer \u00e0 sa mani\u00e8re \u2014 selon ses <strong>disponibilit\u00e9s et ses envies<\/strong> \u2014 en apportant un peu de <strong>temps<\/strong>, des <strong>id\u00e9es<\/strong> ou un s<strong>avoir-faire<\/strong>.<\/span><br \/>\n<span style=\"font-family: georgia, palatino, serif;font-size: 14pt;color: #333333\">Votre participation, <strong>m\u00eame ponctuelle<\/strong>, permet de faire vivre une \u00e9cole toujours plus <strong>accueillante, conviviale et dynamique<\/strong>.<\/span><\/p>\n<p><span style=\"font-family: georgia, palatino, serif;font-size: 14pt;color: #333333\">Nos r\u00e9unions ont lieu une fois par mois maximum, dans une ambiance <strong>conviviale et bienveillante<\/strong>, \u00e0 l\u2019\u00e9cole, en soir\u00e9e, en semaine.<\/span><\/p>\n<p><span style=\"font-family: georgia, palatino, serif;font-size: 14pt;color: #333333\"><strong>\ud83e\udd1d Rejoignez-nous ! <\/strong>N\u2019h\u00e9sitez pas \u00e0 nous contacter ou \u00e0 venir assister \u00e0 une r\u00e9union : toutes les bonnes volont\u00e9s sont les bienvenues :\u00a0<span style=\"color: #ff6600\"><strong><span id=\"cloakd77af1e512d5f1fbf159d51bdafc24d5\"><a style=\"color: #ff6600\" href=\"mailto:saintyves.apel@gmail.com\">saintyves.apel@gmail.com<\/a><\/span><\/strong><\/span><\/span><\/p>\n<p><span style=\"font-family: georgia, palatino, serif;font-size: 14pt;color: #333333\">Et pour ne rien manquer de nos actions, retrouvez-nous sur sur notre <strong>groupe (ferm\u00e9) Facebook<\/strong>\u00a0 <span style=\"color: #ff6600\"><a style=\"color: #ff6600\" href=\"https:\/\/www.facebook.com\/groups\/1158673159493386\/\">\u00ab\u00a0<strong>APEL ST YVES NANTES (ST JOSEPH DE PORTERIE)<\/strong>\u00ab\u00a0<\/a><\/span><\/span><\/p>\n","protected":false},"excerpt":{"rendered":"<p>L\u2019APEL Saint-Yves Des parents engag\u00e9s pour la vie et le bonheur de l\u2019\u00e9cole L\u2019APEL (Association des Parents d\u2019\u00c9l\u00e8ves de l\u2019Enseignement Libre) est avant tout une \u00e9quipe dynamique de parents b\u00e9n\u00e9voles investis dans la vie de l\u2019\u00e9tablissement. \ud83d\udcdd Bureau de l\u2019APEL Saint-Yves \ud83d\udcdd Elodie POTHIER, Pr\u00e9sidente Anne-Laure BOISSON, Tr\u00e9sori\u00e8re Myl\u00e8ne DURAND, Secr\u00e9taire &#8211;&gt; Pour d\u00e9couvrir l\u2019ensemble<\/p>\n<p><a href=\"https:\/\/www.ecolesaintyvesnantes.fr\/site\/apel\/\" class=\"more-link themebutton\">Read More<\/a><\/p>\n","protected":false},"author":24,"featured_media":3474,"parent":0,"menu_order":0,"comment_status":"closed","ping_status":"closed","template":"","meta":{"ngg_post_thumbnail":0,"footnotes":""},"class_list":["post-89","page","type-page","status-publish","has-post-thumbnail","hentry"],"_links":{"self":[{"href":"https:\/\/www.ecolesaintyvesnantes.fr\/site\/wp-json\/wp\/v2\/pages\/89","targetHints":{"allow":["GET"]}}],"collection":[{"href":"https:\/\/www.ecolesaintyvesnantes.fr\/site\/wp-json\/wp\/v2\/pages"}],"about":[{"href":"https:\/\/www.ecolesaintyvesnantes.fr\/site\/wp-json\/wp\/v2\/types\/page"}],"author":[{"embeddable":true,"href":"https:\/\/www.ecolesaintyvesnantes.fr\/site\/wp-json\/wp\/v2\/users\/24"}],"replies":[{"embeddable":true,"href":"https:\/\/www.ecolesaintyvesnantes.fr\/site\/wp-json\/wp\/v2\/comments?post=89"}],"version-history":[{"count":53,"href":"https:\/\/www.ecolesaintyvesnantes.fr\/site\/wp-json\/wp\/v2\/pages\/89\/revisions"}],"predecessor-version":[{"id":701,"href":"https:\/\/www.ecolesaintyvesnantes.fr\/site\/wp-json\/wp\/v2\/pages\/89\/revisions\/701"}],"wp:featuredmedia":[{"embeddable":true,"href":"https:\/\/www.ecolesaintyvesnantes.fr\/site\/wp-json\/wp\/v2\/media\/3474"}],"wp:attachment":[{"href":"https:\/\/www.ecolesaintyvesnantes.fr\/site\/wp-json\/wp\/v2\/media?parent=89"}],"curies":[{"name":"wp","href":"https:\/\/api.w.org\/{rel}","templated":true}]}}